{"id":2,"date":"2025-01-13T15:25:44","date_gmt":"2025-01-13T15:25:44","guid":{"rendered":"https:\/\/muk.kanzinger.fr\/?page_id=2"},"modified":"2025-01-14T13:00:48","modified_gmt":"2025-01-14T13:00:48","slug":"sample-page","status":"publish","type":"page","link":"https:\/\/muk.kanzinger.fr\/?page_id=2","title":{"rendered":"Friendly Fire"},"content":{"rendered":"\n<div style=\"height:20px\" aria-hidden=\"true\" class=\"wp-block-spacer\"><\/div>\n\n\n<!--presto-player:video_id=2--><figure class=\"wp-block-video presto-block-video alignwide presto-provider-self-hosted\" style=\"--plyr-color-main: var(--presto-player-highlight-color, #591a1a); --presto-player-logo-width: 150px; \">\n\t<presto-player \n\t\tpreset='{&quot;id&quot;:1,&quot;name&quot;:&quot;Default&quot;,&quot;slug&quot;:&quot;default&quot;,&quot;icon&quot;:&quot;format-video&quot;,&quot;skin&quot;:&quot;modern&quot;,&quot;play-large&quot;:true,&quot;rewind&quot;:true,&quot;play&quot;:true,&quot;fast-forward&quot;:true,&quot;progress&quot;:true,&quot;current-time&quot;:true,&quot;mute&quot;:true,&quot;volume&quot;:true,&quot;speed&quot;:false,&quot;pip&quot;:false,&quot;fullscreen&quot;:true,&quot;captions&quot;:false,&quot;reset_on_end&quot;:true,&quot;auto_hide&quot;:true,&quot;show_time_elapsed&quot;:false,&quot;captions_enabled&quot;:false,&quot;save_player_position&quot;:true,&quot;sticky_scroll&quot;:false,&quot;sticky_scroll_position&quot;:&quot;bottom right&quot;,&quot;on_video_end&quot;:&quot;select&quot;,&quot;play_video_viewport&quot;:false,&quot;hide_youtube&quot;:false,&quot;lazy_load_youtube&quot;:false,&quot;hide_logo&quot;:false,&quot;border_radius&quot;:0,&quot;caption_style&quot;:&quot;&quot;,&quot;caption_background&quot;:&quot;&quot;,&quot;is_locked&quot;:true,&quot;cta&quot;:[&quot;&quot;],&quot;watermark&quot;:[&quot;&quot;],&quot;search&quot;:[&quot;&quot;],&quot;email_collection&quot;:[&quot;&quot;],&quot;action_bar&quot;:[&quot;&quot;],&quot;created_by&quot;:1,&quot;created_at&quot;:&quot;2025-01-13 17:28:21&quot;,&quot;updated_at&quot;:&quot;2025-01-13 17:28:21&quot;,&quot;deleted_at&quot;:&quot;&quot;}'\n\t\tbranding='{&quot;logo&quot;:&quot;&quot;,&quot;color&quot;:&quot;#591a1a&quot;,&quot;logo_width&quot;:150,&quot;player_css&quot;:&quot;&quot;}'\n\t\tchapters='[]'\n\t\toverlays='[]'\n\t\ttracks='[]'\n\t\tblock-attributes='{&quot;playsInline&quot;:true,&quot;id&quot;:2,&quot;attachment_id&quot;:39,&quot;src&quot;:&quot;https:\\\/\\\/muk.kanzinger.fr\\\/wp-content\\\/uploads\\\/2025\\\/01\\\/Friendly Fire.mp4&quot;,&quot;preset&quot;:1,&quot;align&quot;:&quot;wide&quot;,&quot;title&quot;:&quot;Friendly Fire&quot;}'\n\t\tanalytics=''\n\t\tautomations\t\tprovider='self-hosted'\n\t\t\t\tid=\"presto-player-1\"\n\t\tsrc=\"https:\/\/muk.kanzinger.fr\/wp-content\/uploads\/2025\/01\/Friendly Fire.mp4\"\n\t\tmedia-title=\"Friendly Fire\"\n\t\tcss=\"\"\n\t\tclass=\"presto-video-id-2 presto-preset-id-1 skin-modern\"\n\t\tskin=\"modern\" \n\t\ticon-url=\"https:\/\/muk.kanzinger.fr\/wp-content\/plugins\/presto-player\/img\/sprite.svg\" \n\t\tpreload=\"\" \n\t\tposter=\"\"\n\t\tyoutube=\"{&quot;noCookie&quot;:false,&quot;channelId&quot;:&quot;&quot;,&quot;show_count&quot;:false}\"\n\t\tprovider-video-id=\"\"\n\t\tvideo-id=\"2\"\n\t\t\t\tvideo-attributes='{}'\n\t\tplaysinline\t\t\t\t>\n\t\t            <video controls preload=\"none\">\n            <source src=\"https:\/\/muk.kanzinger.fr\/wp-content\/uploads\/2025\/01\/Friendly Fire.mp4\" \/>\n        <\/video>\n    \n\n\t<\/presto-player>\n<\/figure>\n\n\n<div style=\"height:45px\" aria-hidden=\"true\" class=\"wp-block-spacer\"><\/div>\n\n\n\n<p class=\"has-medium-font-size\" style=\"border-style:none;border-width:0px;border-radius:0px;margin-right:0;margin-left:0\">Im Rahmen der Hochschulproduktion \u201eFriendly Fire\u201c war ich als Tonmeister verantwortlich f\u00fcr die Aufnahme und Kontrolle aller Tonspuren am Set. Diese anspruchsvolle Aufgabe umfasste die Sicherstellung einer klaren und qualitativ hochwertigen Klang\u00e4sthetik, die den dramaturgischen Anforderungen der Szenen gerecht wird. Unterst\u00fctzt wurde ich von Noah Fierravanti, mit dem ich eng zusammenarbeitete.<\/p>\n\n\n\n<p class=\"has-medium-font-size\">Zu meinen vielseitigen Aufgaben geh\u00f6rten die Aufzeichnung von Dialogen, die Erstellung atmosph\u00e4rischer Tonkulissen sowie die Produktion von Foley-Ger\u00e4uschen, um die physische Handlung der Charaktere lebendig zu unterstreichen. Eine besonders herausfordernde Szene erforderte es, die Schritte der Schauspielerin in einer beengten Wohnumgebung r\u00fcckw\u00e4rts laufend aufzunehmen, w\u00e4hrend die Kamera parallel ebenfalls r\u00fcckw\u00e4rts filmte. Diese Aufgabe erforderte ein hohes Ma\u00df an Koordination und Kreativit\u00e4t, um ein perfektes Ergebnis zu erzielen.<\/p>\n\n\n\n<p class=\"has-medium-font-size\">Durch die intensive Vorbereitung und die enge Abstimmung mit dem Team konnte ich eine authentische und stimmungsvolle Klanglandschaft schaffen, die die emotionale Wirkung des Films nachhaltig verst\u00e4rkt. In Zusammenarbeit mit den Kolleginnen und Kollegen der Audio-Postproduktion entstand das oben zu sehende und zu h\u00f6rende Endergebnis, das die Arbeit am Set gelungen abrundet.<\/p>\n","protected":false},"excerpt":{"rendered":"<p>Im Rahmen der Hochschulproduktion \u201eFriendly Fire\u201c war ich als Tonmeister verantwortlich f\u00fcr die Aufnahme und Kontrolle aller Tonspuren am Set. Diese anspruchsvolle Aufgabe umfasste die Sicherstellung einer klaren und qualitativ hochwertigen Klang\u00e4sthetik, die den dramaturgischen Anforderungen der Szenen gerecht wird. Unterst\u00fctzt wurde ich von Noah Fierravanti, mit dem ich eng zusammenarbeitete. Zu meinen vielseitigen Aufgaben [&hellip;]<\/p>\n","protected":false},"author":1,"featured_media":0,"parent":0,"menu_order":0,"comment_status":"closed","ping_status":"closed","template":"","meta":{"footnotes":""},"class_list":["post-2","page","type-page","status-publish","hentry"],"_links":{"self":[{"href":"https:\/\/muk.kanzinger.fr\/index.php?rest_route=\/wp\/v2\/pages\/2","targetHints":{"allow":["GET"]}}],"collection":[{"href":"https:\/\/muk.kanzinger.fr\/index.php?rest_route=\/wp\/v2\/pages"}],"about":[{"href":"https:\/\/muk.kanzinger.fr\/index.php?rest_route=\/wp\/v2\/types\/page"}],"author":[{"embeddable":true,"href":"https:\/\/muk.kanzinger.fr\/index.php?rest_route=\/wp\/v2\/users\/1"}],"replies":[{"embeddable":true,"href":"https:\/\/muk.kanzinger.fr\/index.php?rest_route=%2Fwp%2Fv2%2Fcomments&post=2"}],"version-history":[{"count":5,"href":"https:\/\/muk.kanzinger.fr\/index.php?rest_route=\/wp\/v2\/pages\/2\/revisions"}],"predecessor-version":[{"id":44,"href":"https:\/\/muk.kanzinger.fr\/index.php?rest_route=\/wp\/v2\/pages\/2\/revisions\/44"}],"wp:attachment":[{"href":"https:\/\/muk.kanzinger.fr\/index.php?rest_route=%2Fwp%2Fv2%2Fmedia&parent=2"}],"curies":[{"name":"wp","href":"https:\/\/api.w.org\/{rel}","templated":true}]}}