{"id":45,"date":"2025-01-14T19:46:09","date_gmt":"2025-01-14T19:46:09","guid":{"rendered":"https:\/\/muk.kanzinger.fr\/?page_id=45"},"modified":"2025-01-14T21:08:28","modified_gmt":"2025-01-14T21:08:28","slug":"fotos","status":"publish","type":"page","link":"https:\/\/muk.kanzinger.fr\/?page_id=45","title":{"rendered":"Fotos"},"content":{"rendered":"\n<div class=\"wp-block-media-text alignwide is-stacked-on-mobile\"><figure class=\"wp-block-media-text__media\"><img loading=\"lazy\" decoding=\"async\" width=\"1024\" height=\"683\" src=\"https:\/\/muk.kanzinger.fr\/wp-content\/uploads\/2025\/01\/DSC07822-2-1024x683.jpg\" alt=\"\" class=\"wp-image-48 size-full\" srcset=\"https:\/\/muk.kanzinger.fr\/wp-content\/uploads\/2025\/01\/DSC07822-2-1024x683.jpg 1024w, https:\/\/muk.kanzinger.fr\/wp-content\/uploads\/2025\/01\/DSC07822-2-300x200.jpg 300w, https:\/\/muk.kanzinger.fr\/wp-content\/uploads\/2025\/01\/DSC07822-2-768x512.jpg 768w, https:\/\/muk.kanzinger.fr\/wp-content\/uploads\/2025\/01\/DSC07822-2-1536x1024.jpg 1536w, https:\/\/muk.kanzinger.fr\/wp-content\/uploads\/2025\/01\/DSC07822-2-2048x1365.jpg 2048w\" sizes=\"auto, (max-width: 1024px) 100vw, 1024px\" \/><\/figure><div class=\"wp-block-media-text__content\">\n<p>Letztes Jahr hatte ich die Ehre, einen ganz besonderen Moment im Leben meiner Freunde Sina und Patrick festzuhalten. Patrick erz\u00e4hlte mir im Vorfeld, dass er seiner Freundin einen Antrag machen wollte. W\u00e4hrend unseres Gespr\u00e4chs bot ich ihm spontan meine Unterst\u00fctzung an \u2013 f\u00fcr den Fall, dass er Hilfe ben\u00f6tigen w\u00fcrde.<\/p>\n<\/div><\/div>\n\n\n\n<div class=\"wp-block-media-text alignwide has-media-on-the-right is-stacked-on-mobile\" style=\"grid-template-columns:auto 41%\"><div class=\"wp-block-media-text__content\">\n<p>Patrick vertraute mir und meiner Freundin die Aufgabe an, die Verlobung f\u00fcr sie festzuhalten. W\u00e4hrend ich die Rolle des Fotografen \u00fcbernahm, unterst\u00fctzte sie mich bei der Organisation und als Videografin.<\/p>\n\n\n\n<p>Schon im Vorfeld war f\u00fcr uns beide klar, dass der Moment und die Erfahrung f\u00fcr Sina und Patrick an erster Stelle stehen sollten. Unsere Herangehensweise war es daher, uns unauff\u00e4llig im Hintergrund zu bewegen, um sie nicht zu st\u00f6ren.<br>Uns war bewusst, dass dies m\u00f6glicherweise nicht zu den perfektesten Aufnahmen f\u00fchren w\u00fcrde, aber wir wollten dem jungen Paar ihren besonderen Augenblick vollkommen \u00fcberlassen.<\/p>\n<\/div><figure class=\"wp-block-media-text__media\"><img loading=\"lazy\" decoding=\"async\" width=\"683\" height=\"1024\" src=\"https:\/\/muk.kanzinger.fr\/wp-content\/uploads\/2025\/01\/DSC07499-683x1024.jpg\" alt=\"\" class=\"wp-image-49 size-full\" srcset=\"https:\/\/muk.kanzinger.fr\/wp-content\/uploads\/2025\/01\/DSC07499-683x1024.jpg 683w, https:\/\/muk.kanzinger.fr\/wp-content\/uploads\/2025\/01\/DSC07499-200x300.jpg 200w, https:\/\/muk.kanzinger.fr\/wp-content\/uploads\/2025\/01\/DSC07499-768x1152.jpg 768w, https:\/\/muk.kanzinger.fr\/wp-content\/uploads\/2025\/01\/DSC07499-1024x1536.jpg 1024w, https:\/\/muk.kanzinger.fr\/wp-content\/uploads\/2025\/01\/DSC07499-1366x2048.jpg 1366w, https:\/\/muk.kanzinger.fr\/wp-content\/uploads\/2025\/01\/DSC07499-scaled.jpg 1707w\" sizes=\"auto, (max-width: 683px) 100vw, 683px\" \/><\/figure><\/div>\n\n\n\n<div class=\"wp-block-media-text alignwide is-stacked-on-mobile\"><figure class=\"wp-block-media-text__media\"><img loading=\"lazy\" decoding=\"async\" width=\"1024\" height=\"683\" src=\"https:\/\/muk.kanzinger.fr\/wp-content\/uploads\/2025\/01\/DSC07422-1024x683.jpg\" alt=\"\" class=\"wp-image-50 size-full\" srcset=\"https:\/\/muk.kanzinger.fr\/wp-content\/uploads\/2025\/01\/DSC07422-1024x683.jpg 1024w, https:\/\/muk.kanzinger.fr\/wp-content\/uploads\/2025\/01\/DSC07422-300x200.jpg 300w, https:\/\/muk.kanzinger.fr\/wp-content\/uploads\/2025\/01\/DSC07422-768x512.jpg 768w, https:\/\/muk.kanzinger.fr\/wp-content\/uploads\/2025\/01\/DSC07422-1536x1024.jpg 1536w, https:\/\/muk.kanzinger.fr\/wp-content\/uploads\/2025\/01\/DSC07422-2048x1365.jpg 2048w\" sizes=\"auto, (max-width: 1024px) 100vw, 1024px\" \/><\/figure><div class=\"wp-block-media-text__content\">\n<p>Mein Ziel bei den Fotos war es, diesen besonderen Moment f\u00fcr die beiden so authentisch wie m\u00f6glich festzuhalten \u2013 damit sie auch in vielen Jahren noch darauf zur\u00fcckblicken k\u00f6nnen. Aus diesem Grund hielt ich die Nachbearbeitung bewusst schlicht, um die Realit\u00e4t und die emotionale Echtheit der Aufnahmen unverf\u00e4lscht zu bewahren.<\/p>\n<\/div><\/div>\n\n\n\n<div class=\"wp-block-media-text alignwide has-media-on-the-right is-stacked-on-mobile\" style=\"grid-template-columns:auto 49%\"><div class=\"wp-block-media-text__content\">\n<p>Eine besondere Herausforderung bei den Fotos war der Wunsch von Patrick und Sina, die Verlobung bei Sonnenuntergang am See stattfinden zu lassen. Da ich in meinem pers\u00f6nlichen Repertoire &#8222;nur&#8220; APSC-Kameras zur Verf\u00fcgung hatte, war es anspruchsvoller, als mir lieb war, ausreichend Licht f\u00fcr die Aufnahmen einzufangen. Es war eine Gratwanderung, die beiden entweder scharf und unverwackelt oder optimal belichtet abzulichten.<\/p>\n<\/div><figure class=\"wp-block-media-text__media\"><img loading=\"lazy\" decoding=\"async\" width=\"1024\" height=\"683\" src=\"https:\/\/muk.kanzinger.fr\/wp-content\/uploads\/2025\/01\/DSC07808-1024x683.jpg\" alt=\"\" class=\"wp-image-51 size-full\" srcset=\"https:\/\/muk.kanzinger.fr\/wp-content\/uploads\/2025\/01\/DSC07808-1024x683.jpg 1024w, https:\/\/muk.kanzinger.fr\/wp-content\/uploads\/2025\/01\/DSC07808-300x200.jpg 300w, https:\/\/muk.kanzinger.fr\/wp-content\/uploads\/2025\/01\/DSC07808-768x512.jpg 768w, https:\/\/muk.kanzinger.fr\/wp-content\/uploads\/2025\/01\/DSC07808-1536x1024.jpg 1536w, https:\/\/muk.kanzinger.fr\/wp-content\/uploads\/2025\/01\/DSC07808-2048x1365.jpg 2048w\" sizes=\"auto, (max-width: 1024px) 100vw, 1024px\" \/><\/figure><\/div>\n\n\n\n<div class=\"wp-block-media-text alignwide is-stacked-on-mobile\" style=\"grid-template-columns:49% auto\"><figure class=\"wp-block-media-text__media\"><img loading=\"lazy\" decoding=\"async\" width=\"1024\" height=\"683\" src=\"https:\/\/muk.kanzinger.fr\/wp-content\/uploads\/2025\/01\/DSC07373-1024x683.jpg\" alt=\"\" class=\"wp-image-53 size-full\" srcset=\"https:\/\/muk.kanzinger.fr\/wp-content\/uploads\/2025\/01\/DSC07373-1024x683.jpg 1024w, https:\/\/muk.kanzinger.fr\/wp-content\/uploads\/2025\/01\/DSC07373-300x200.jpg 300w, https:\/\/muk.kanzinger.fr\/wp-content\/uploads\/2025\/01\/DSC07373-768x512.jpg 768w, https:\/\/muk.kanzinger.fr\/wp-content\/uploads\/2025\/01\/DSC07373-1536x1024.jpg 1536w, https:\/\/muk.kanzinger.fr\/wp-content\/uploads\/2025\/01\/DSC07373-2048x1365.jpg 2048w\" sizes=\"auto, (max-width: 1024px) 100vw, 1024px\" \/><\/figure><div class=\"wp-block-media-text__content\">\n<p>Diese Situation war f\u00fcr alle Beteiligten ein \u00e4u\u00dferst emotionaler Moment.<br>Bei der Auswahl der Bilder entschied ich mich daher bewusst f\u00fcr die emotional st\u00e4rksten Aufnahmen \u2013 selbst wenn sie nicht allen Regeln der Fotografie oder \u00c4sthetik entsprachen.<\/p>\n<\/div><\/div>\n\n\n\n<figure class=\"wp-block-gallery alignwide has-nested-images columns-default is-cropped wp-block-gallery-1 is-layout-flex wp-block-gallery-is-layout-flex\">\n<figure class=\"wp-block-image size-large\"><img loading=\"lazy\" decoding=\"async\" width=\"1024\" height=\"683\" data-id=\"64\" src=\"https:\/\/muk.kanzinger.fr\/wp-content\/uploads\/2025\/01\/DSC07403-1024x683.jpg\" alt=\"\" class=\"wp-image-64\" srcset=\"https:\/\/muk.kanzinger.fr\/wp-content\/uploads\/2025\/01\/DSC07403-1024x683.jpg 1024w, https:\/\/muk.kanzinger.fr\/wp-content\/uploads\/2025\/01\/DSC07403-300x200.jpg 300w, https:\/\/muk.kanzinger.fr\/wp-content\/uploads\/2025\/01\/DSC07403-768x512.jpg 768w, https:\/\/muk.kanzinger.fr\/wp-content\/uploads\/2025\/01\/DSC07403-1536x1024.jpg 1536w, https:\/\/muk.kanzinger.fr\/wp-content\/uploads\/2025\/01\/DSC07403-2048x1365.jpg 2048w\" sizes=\"auto, (max-width: 1024px) 100vw, 1024px\" \/><\/figure>\n\n\n\n<figure class=\"wp-block-image size-large\"><img loading=\"lazy\" decoding=\"async\" width=\"1024\" height=\"683\" data-id=\"63\" src=\"https:\/\/muk.kanzinger.fr\/wp-content\/uploads\/2025\/01\/DSC07543-1024x683.jpg\" alt=\"\" class=\"wp-image-63\" srcset=\"https:\/\/muk.kanzinger.fr\/wp-content\/uploads\/2025\/01\/DSC07543-1024x683.jpg 1024w, https:\/\/muk.kanzinger.fr\/wp-content\/uploads\/2025\/01\/DSC07543-300x200.jpg 300w, https:\/\/muk.kanzinger.fr\/wp-content\/uploads\/2025\/01\/DSC07543-768x512.jpg 768w, https:\/\/muk.kanzinger.fr\/wp-content\/uploads\/2025\/01\/DSC07543-1536x1024.jpg 1536w, https:\/\/muk.kanzinger.fr\/wp-content\/uploads\/2025\/01\/DSC07543-2048x1365.jpg 2048w\" sizes=\"auto, (max-width: 1024px) 100vw, 1024px\" \/><\/figure>\n<\/figure>\n\n\n\n<figure class=\"wp-block-gallery alignwide has-nested-images columns-default is-cropped wp-block-gallery-2 is-layout-flex wp-block-gallery-is-layout-flex\">\n<figure class=\"wp-block-image aligncenter size-large is-style-default\"><img loading=\"lazy\" decoding=\"async\" width=\"1024\" height=\"683\" data-id=\"56\" src=\"https:\/\/muk.kanzinger.fr\/wp-content\/uploads\/2025\/01\/DSC07552-1024x683.jpg\" alt=\"\" class=\"wp-image-56\" srcset=\"https:\/\/muk.kanzinger.fr\/wp-content\/uploads\/2025\/01\/DSC07552-1024x683.jpg 1024w, https:\/\/muk.kanzinger.fr\/wp-content\/uploads\/2025\/01\/DSC07552-300x200.jpg 300w, https:\/\/muk.kanzinger.fr\/wp-content\/uploads\/2025\/01\/DSC07552-768x512.jpg 768w, https:\/\/muk.kanzinger.fr\/wp-content\/uploads\/2025\/01\/DSC07552-1536x1024.jpg 1536w, https:\/\/muk.kanzinger.fr\/wp-content\/uploads\/2025\/01\/DSC07552-2048x1365.jpg 2048w\" sizes=\"auto, (max-width: 1024px) 100vw, 1024px\" \/><\/figure>\n\n\n\n<figure class=\"wp-block-image size-large\"><img loading=\"lazy\" decoding=\"async\" width=\"1024\" height=\"683\" data-id=\"55\" src=\"https:\/\/muk.kanzinger.fr\/wp-content\/uploads\/2025\/01\/DSC07631-1024x683.jpg\" alt=\"\" class=\"wp-image-55\" srcset=\"https:\/\/muk.kanzinger.fr\/wp-content\/uploads\/2025\/01\/DSC07631-1024x683.jpg 1024w, https:\/\/muk.kanzinger.fr\/wp-content\/uploads\/2025\/01\/DSC07631-300x200.jpg 300w, https:\/\/muk.kanzinger.fr\/wp-content\/uploads\/2025\/01\/DSC07631-768x512.jpg 768w, https:\/\/muk.kanzinger.fr\/wp-content\/uploads\/2025\/01\/DSC07631-1536x1024.jpg 1536w, https:\/\/muk.kanzinger.fr\/wp-content\/uploads\/2025\/01\/DSC07631-2048x1365.jpg 2048w\" sizes=\"auto, (max-width: 1024px) 100vw, 1024px\" \/><\/figure>\n<\/figure>\n\n\n\n<figure class=\"wp-block-gallery alignwide has-nested-images columns-default is-cropped wp-block-gallery-3 is-layout-flex wp-block-gallery-is-layout-flex\">\n<figure class=\"wp-block-image size-large\"><img loading=\"lazy\" decoding=\"async\" width=\"683\" height=\"1024\" data-id=\"60\" src=\"https:\/\/muk.kanzinger.fr\/wp-content\/uploads\/2025\/01\/DSC07345-683x1024.jpg\" alt=\"\" class=\"wp-image-60\" srcset=\"https:\/\/muk.kanzinger.fr\/wp-content\/uploads\/2025\/01\/DSC07345-683x1024.jpg 683w, https:\/\/muk.kanzinger.fr\/wp-content\/uploads\/2025\/01\/DSC07345-200x300.jpg 200w, https:\/\/muk.kanzinger.fr\/wp-content\/uploads\/2025\/01\/DSC07345-768x1152.jpg 768w, https:\/\/muk.kanzinger.fr\/wp-content\/uploads\/2025\/01\/DSC07345-1024x1536.jpg 1024w, https:\/\/muk.kanzinger.fr\/wp-content\/uploads\/2025\/01\/DSC07345-1365x2048.jpg 1365w, https:\/\/muk.kanzinger.fr\/wp-content\/uploads\/2025\/01\/DSC07345-scaled.jpg 1706w\" sizes=\"auto, (max-width: 683px) 100vw, 683px\" \/><\/figure>\n\n\n\n<figure class=\"wp-block-image size-large\"><img loading=\"lazy\" decoding=\"async\" width=\"683\" height=\"1024\" data-id=\"62\" src=\"https:\/\/muk.kanzinger.fr\/wp-content\/uploads\/2025\/01\/DSC07396-683x1024.jpg\" alt=\"\" class=\"wp-image-62\" srcset=\"https:\/\/muk.kanzinger.fr\/wp-content\/uploads\/2025\/01\/DSC07396-683x1024.jpg 683w, https:\/\/muk.kanzinger.fr\/wp-content\/uploads\/2025\/01\/DSC07396-200x300.jpg 200w, https:\/\/muk.kanzinger.fr\/wp-content\/uploads\/2025\/01\/DSC07396-768x1152.jpg 768w, https:\/\/muk.kanzinger.fr\/wp-content\/uploads\/2025\/01\/DSC07396-1024x1536.jpg 1024w, https:\/\/muk.kanzinger.fr\/wp-content\/uploads\/2025\/01\/DSC07396-1365x2048.jpg 1365w, https:\/\/muk.kanzinger.fr\/wp-content\/uploads\/2025\/01\/DSC07396-scaled.jpg 1707w\" sizes=\"auto, (max-width: 683px) 100vw, 683px\" \/><\/figure>\n\n\n\n<figure class=\"wp-block-image size-large\"><img loading=\"lazy\" decoding=\"async\" width=\"683\" height=\"1024\" data-id=\"61\" src=\"https:\/\/muk.kanzinger.fr\/wp-content\/uploads\/2025\/01\/DSC07400-683x1024.jpg\" alt=\"\" class=\"wp-image-61\" srcset=\"https:\/\/muk.kanzinger.fr\/wp-content\/uploads\/2025\/01\/DSC07400-683x1024.jpg 683w, https:\/\/muk.kanzinger.fr\/wp-content\/uploads\/2025\/01\/DSC07400-200x300.jpg 200w, https:\/\/muk.kanzinger.fr\/wp-content\/uploads\/2025\/01\/DSC07400-768x1152.jpg 768w, https:\/\/muk.kanzinger.fr\/wp-content\/uploads\/2025\/01\/DSC07400-1024x1536.jpg 1024w, https:\/\/muk.kanzinger.fr\/wp-content\/uploads\/2025\/01\/DSC07400-1366x2048.jpg 1366w, https:\/\/muk.kanzinger.fr\/wp-content\/uploads\/2025\/01\/DSC07400-scaled.jpg 1707w\" sizes=\"auto, (max-width: 683px) 100vw, 683px\" \/><\/figure>\n<\/figure>\n\n\n\n<p><\/p>\n","protected":false},"excerpt":{"rendered":"<p>Letztes Jahr hatte ich die Ehre, einen ganz besonderen Moment im Leben meiner Freunde Sina und Patrick festzuhalten. Patrick erz\u00e4hlte mir im Vorfeld, dass er seiner Freundin einen Antrag machen wollte. W\u00e4hrend unseres Gespr\u00e4chs bot ich ihm spontan meine Unterst\u00fctzung an \u2013 f\u00fcr den Fall, dass er Hilfe ben\u00f6tigen w\u00fcrde. Patrick vertraute mir und meiner [&hellip;]<\/p>\n","protected":false},"author":1,"featured_media":0,"parent":0,"menu_order":0,"comment_status":"closed","ping_status":"closed","template":"","meta":{"footnotes":""},"class_list":["post-45","page","type-page","status-publish","hentry"],"_links":{"self":[{"href":"https:\/\/muk.kanzinger.fr\/index.php?rest_route=\/wp\/v2\/pages\/45","targetHints":{"allow":["GET"]}}],"collection":[{"href":"https:\/\/muk.kanzinger.fr\/index.php?rest_route=\/wp\/v2\/pages"}],"about":[{"href":"https:\/\/muk.kanzinger.fr\/index.php?rest_route=\/wp\/v2\/types\/page"}],"author":[{"embeddable":true,"href":"https:\/\/muk.kanzinger.fr\/index.php?rest_route=\/wp\/v2\/users\/1"}],"replies":[{"embeddable":true,"href":"https:\/\/muk.kanzinger.fr\/index.php?rest_route=%2Fwp%2Fv2%2Fcomments&post=45"}],"version-history":[{"count":3,"href":"https:\/\/muk.kanzinger.fr\/index.php?rest_route=\/wp\/v2\/pages\/45\/revisions"}],"predecessor-version":[{"id":65,"href":"https:\/\/muk.kanzinger.fr\/index.php?rest_route=\/wp\/v2\/pages\/45\/revisions\/65"}],"wp:attachment":[{"href":"https:\/\/muk.kanzinger.fr\/index.php?rest_route=%2Fwp%2Fv2%2Fmedia&parent=45"}],"curies":[{"name":"wp","href":"https:\/\/api.w.org\/{rel}","templated":true}]}}