{"id":7,"date":"2025-01-13T16:29:36","date_gmt":"2025-01-13T16:29:36","guid":{"rendered":"https:\/\/muk.kanzinger.fr\/?page_id=7"},"modified":"2025-01-13T17:33:23","modified_gmt":"2025-01-13T17:33:23","slug":"samyazahs-stone","status":"publish","type":"page","link":"https:\/\/muk.kanzinger.fr\/?page_id=7","title":{"rendered":"Samyazahs Stone"},"content":{"rendered":"<!--presto-player:video_id=1--><figure class=\"wp-block-video presto-block-video alignwide presto-provider-self-hosted\" style=\"--plyr-color-main: var(--presto-player-highlight-color, #591a1a); --presto-player-logo-width: 150px; \">\n\t<presto-player \n\t\tpreset='{&quot;id&quot;:1,&quot;name&quot;:&quot;Default&quot;,&quot;slug&quot;:&quot;default&quot;,&quot;icon&quot;:&quot;format-video&quot;,&quot;skin&quot;:&quot;modern&quot;,&quot;play-large&quot;:true,&quot;rewind&quot;:true,&quot;play&quot;:true,&quot;fast-forward&quot;:true,&quot;progress&quot;:true,&quot;current-time&quot;:true,&quot;mute&quot;:true,&quot;volume&quot;:true,&quot;speed&quot;:false,&quot;pip&quot;:false,&quot;fullscreen&quot;:true,&quot;captions&quot;:false,&quot;reset_on_end&quot;:true,&quot;auto_hide&quot;:true,&quot;show_time_elapsed&quot;:false,&quot;captions_enabled&quot;:false,&quot;save_player_position&quot;:true,&quot;sticky_scroll&quot;:false,&quot;sticky_scroll_position&quot;:&quot;bottom right&quot;,&quot;on_video_end&quot;:&quot;select&quot;,&quot;play_video_viewport&quot;:false,&quot;hide_youtube&quot;:false,&quot;lazy_load_youtube&quot;:false,&quot;hide_logo&quot;:false,&quot;border_radius&quot;:0,&quot;caption_style&quot;:&quot;&quot;,&quot;caption_background&quot;:&quot;&quot;,&quot;is_locked&quot;:true,&quot;cta&quot;:[&quot;&quot;],&quot;watermark&quot;:[&quot;&quot;],&quot;search&quot;:[&quot;&quot;],&quot;email_collection&quot;:[&quot;&quot;],&quot;action_bar&quot;:[&quot;&quot;],&quot;created_by&quot;:1,&quot;created_at&quot;:&quot;2025-01-13 17:28:21&quot;,&quot;updated_at&quot;:&quot;2025-01-13 17:28:21&quot;,&quot;deleted_at&quot;:&quot;&quot;}'\n\t\tbranding='{&quot;logo&quot;:&quot;&quot;,&quot;color&quot;:&quot;#591a1a&quot;,&quot;logo_width&quot;:150,&quot;player_css&quot;:&quot;&quot;}'\n\t\tchapters='[]'\n\t\toverlays='[]'\n\t\ttracks='[]'\n\t\tblock-attributes='{&quot;playsInline&quot;:true,&quot;id&quot;:1,&quot;attachment_id&quot;:17,&quot;src&quot;:&quot;https:\\\/\\\/muk.kanzinger.fr\\\/wp-content\\\/uploads\\\/2025\\\/01\\\/Samyazahs-Stone.mp4&quot;,&quot;preset&quot;:1,&quot;align&quot;:&quot;wide&quot;,&quot;title&quot;:&quot;Samyazahs Stone&quot;}'\n\t\tanalytics=''\n\t\tautomations\t\tprovider='self-hosted'\n\t\t\t\tid=\"presto-player-1\"\n\t\tsrc=\"https:\/\/muk.kanzinger.fr\/wp-content\/uploads\/2025\/01\/Samyazahs-Stone.mp4\"\n\t\tmedia-title=\"Samyazahs Stone\"\n\t\tcss=\"\"\n\t\tclass=\"presto-video-id-1 presto-preset-id-1 skin-modern\"\n\t\tskin=\"modern\" \n\t\ticon-url=\"https:\/\/muk.kanzinger.fr\/wp-content\/plugins\/presto-player\/img\/sprite.svg\" \n\t\tpreload=\"\" \n\t\tposter=\"\"\n\t\tyoutube=\"{&quot;noCookie&quot;:false,&quot;channelId&quot;:&quot;&quot;,&quot;show_count&quot;:false}\"\n\t\tprovider-video-id=\"\"\n\t\tvideo-id=\"1\"\n\t\t\t\tvideo-attributes='{}'\n\t\tplaysinline\t\t\t\t>\n\t\t            <video controls preload=\"none\">\n            <source src=\"https:\/\/muk.kanzinger.fr\/wp-content\/uploads\/2025\/01\/Samyazahs-Stone.mp4\" \/>\n        <\/video>\n    \n\n\t<\/presto-player>\n<\/figure>\n\n\n<div style=\"height:100px\" aria-hidden=\"true\" class=\"wp-block-spacer\"><\/div>\n\n\n\n<div class=\"wp-block-media-text alignwide has-media-on-the-right is-stacked-on-mobile\" style=\"grid-template-columns:auto 35%\"><div class=\"wp-block-media-text__content\">\n<p>Bei <em>Samyazah&#8217;s Stone<\/em> habe ich 3D-Modelle als Hintergrund-Assets erstellt.<\/p>\n\n\n\n<p>Dazu recherchierte ich verschiedenste Objekte und gestaltete sie digital in einem Stil, der zu unserem Film passt.<\/p>\n\n\n\n<p>Die Assets wurden so konzipiert, dass ihre Grundstruktur vielseitig im fertigen Hintergrund einsetzbar ist.<\/p>\n<\/div><figure class=\"wp-block-media-text__media\"><img loading=\"lazy\" decoding=\"async\" width=\"999\" height=\"951\" src=\"https:\/\/muk.kanzinger.fr\/wp-content\/uploads\/2025\/01\/Screenshot_152.png\" alt=\"\" class=\"wp-image-15 size-full\" srcset=\"https:\/\/muk.kanzinger.fr\/wp-content\/uploads\/2025\/01\/Screenshot_152.png 999w, https:\/\/muk.kanzinger.fr\/wp-content\/uploads\/2025\/01\/Screenshot_152-300x286.png 300w, https:\/\/muk.kanzinger.fr\/wp-content\/uploads\/2025\/01\/Screenshot_152-768x731.png 768w\" sizes=\"auto, (max-width: 999px) 100vw, 999px\" \/><\/figure><\/div>\n\n\n\n<div style=\"height:32px\" aria-hidden=\"true\" class=\"wp-block-spacer\"><\/div>\n\n\n\n<div class=\"wp-block-columns alignwide is-layout-flex wp-container-core-columns-is-layout-28f84493 wp-block-columns-is-layout-flex\">\n<div class=\"wp-block-column is-layout-flow wp-block-column-is-layout-flow\">\n<figure class=\"wp-block-image size-full\"><img loading=\"lazy\" decoding=\"async\" width=\"901\" height=\"757\" src=\"https:\/\/muk.kanzinger.fr\/wp-content\/uploads\/2025\/01\/Screenshot_15.png\" alt=\"\" class=\"wp-image-20\" srcset=\"https:\/\/muk.kanzinger.fr\/wp-content\/uploads\/2025\/01\/Screenshot_15.png 901w, https:\/\/muk.kanzinger.fr\/wp-content\/uploads\/2025\/01\/Screenshot_15-300x252.png 300w, https:\/\/muk.kanzinger.fr\/wp-content\/uploads\/2025\/01\/Screenshot_15-768x645.png 768w\" sizes=\"auto, (max-width: 901px) 100vw, 901px\" \/><\/figure>\n<\/div>\n\n\n\n<div class=\"wp-block-column is-layout-flow wp-block-column-is-layout-flow\">\n<figure class=\"wp-block-image size-full\"><img loading=\"lazy\" decoding=\"async\" width=\"1000\" height=\"738\" src=\"https:\/\/muk.kanzinger.fr\/wp-content\/uploads\/2025\/01\/Screenshot_162.png\" alt=\"\" class=\"wp-image-21\" srcset=\"https:\/\/muk.kanzinger.fr\/wp-content\/uploads\/2025\/01\/Screenshot_162.png 1000w, https:\/\/muk.kanzinger.fr\/wp-content\/uploads\/2025\/01\/Screenshot_162-300x221.png 300w, https:\/\/muk.kanzinger.fr\/wp-content\/uploads\/2025\/01\/Screenshot_162-768x567.png 768w\" sizes=\"auto, (max-width: 1000px) 100vw, 1000px\" \/><\/figure>\n<\/div>\n\n\n\n<div class=\"wp-block-column is-layout-flow wp-block-column-is-layout-flow\">\n<p>Um Renderzeit zu sparen, haben wir unsere Modelle zun\u00e4chst ohne Details erstellt.<br>Anschlie\u00dfend wurden in einer Kopie des Modells die Details hinzugef\u00fcgt. Mithilfe dieser beiden Modelle haben wir eine Normalmap erstellt, die es erm\u00f6glicht, die Details auch auf dem vereinfachten Modell darzustellen.<\/p>\n<\/div>\n<\/div>\n\n\n\n<div class=\"wp-block-media-text alignwide is-stacked-on-mobile\" style=\"grid-template-columns:35% auto\"><figure class=\"wp-block-media-text__media\"><img loading=\"lazy\" decoding=\"async\" width=\"916\" height=\"949\" src=\"https:\/\/muk.kanzinger.fr\/wp-content\/uploads\/2025\/01\/Screenshot_17.png\" alt=\"\" class=\"wp-image-9 size-full\" srcset=\"https:\/\/muk.kanzinger.fr\/wp-content\/uploads\/2025\/01\/Screenshot_17.png 916w, https:\/\/muk.kanzinger.fr\/wp-content\/uploads\/2025\/01\/Screenshot_17-290x300.png 290w, https:\/\/muk.kanzinger.fr\/wp-content\/uploads\/2025\/01\/Screenshot_17-768x796.png 768w\" sizes=\"auto, (max-width: 916px) 100vw, 916px\" \/><\/figure><div class=\"wp-block-media-text__content\">\n<p>F\u00fcr unsere mittelalterliche Bibliothek haben wir uns eine gro\u00dfe Eingangshalle mit zahlreichen S\u00e4ulen vorgestellt.<br>Die Bibliothek sollte eine mystische Atmosph\u00e4re ausstrahlen, die zugleich Neugier und ein Gef\u00fchl von Beklommenheit hervorruft.<\/p>\n\n\n\n<p>Unsere Hauptfigur Ophelia bewegt sich mit einer Mischung aus Neugier und Vorsicht zwischen den Regalen, um die Antworten zu finden, die sie sucht.<\/p>\n\n\n\n<p>Die S\u00e4ulen wurden so gestaltet, dass sie schlicht genug wirken, um zur Epoche zu passen, aber dennoch pomp\u00f6s genug, um dem Zuschauer sofort die Bedeutung dieses Ortes zu vermitteln.<\/p>\n<\/div><\/div>\n\n\n\n<div class=\"wp-block-media-text alignwide has-media-on-the-right is-stacked-on-mobile\" style=\"grid-template-columns:auto 35%\"><div class=\"wp-block-media-text__content\">\n<p>Beim Design unseres gro\u00dfen Torbogens sollte der Stil des restlichen Geb\u00e4udes beibehalten werden.<br>Da wir dies bereits im Vorfeld ber\u00fccksichtigten, habe ich das S\u00e4ulenmodell so gestaltet, dass es flexibel an verschiedene H\u00f6hen angepasst werden kann.<br>Die seitlichen St\u00fctzstrukturen sind lediglich niedrigere Versionen der urspr\u00fcnglichen S\u00e4ule. Dadurch blieb die massive vertikale Linienf\u00fchrung in den fertigen Shots weitgehend einheitlich.<\/p>\n<\/div><figure class=\"wp-block-media-text__media\"><img loading=\"lazy\" decoding=\"async\" width=\"762\" height=\"745\" src=\"https:\/\/muk.kanzinger.fr\/wp-content\/uploads\/2025\/01\/Screenshot_27.png\" alt=\"\" class=\"wp-image-13 size-full\" srcset=\"https:\/\/muk.kanzinger.fr\/wp-content\/uploads\/2025\/01\/Screenshot_27.png 762w, https:\/\/muk.kanzinger.fr\/wp-content\/uploads\/2025\/01\/Screenshot_27-300x293.png 300w\" sizes=\"auto, (max-width: 762px) 100vw, 762px\" \/><\/figure><\/div>\n\n\n\n<div class=\"wp-block-media-text alignwide is-stacked-on-mobile\"><figure class=\"wp-block-media-text__media\"><img loading=\"lazy\" decoding=\"async\" width=\"1024\" height=\"588\" src=\"https:\/\/muk.kanzinger.fr\/wp-content\/uploads\/2025\/01\/Screenshot_28-1024x588.png\" alt=\"\" class=\"wp-image-23 size-full\" srcset=\"https:\/\/muk.kanzinger.fr\/wp-content\/uploads\/2025\/01\/Screenshot_28-1024x588.png 1024w, https:\/\/muk.kanzinger.fr\/wp-content\/uploads\/2025\/01\/Screenshot_28-300x172.png 300w, https:\/\/muk.kanzinger.fr\/wp-content\/uploads\/2025\/01\/Screenshot_28-768x441.png 768w, https:\/\/muk.kanzinger.fr\/wp-content\/uploads\/2025\/01\/Screenshot_28.png 1321w\" sizes=\"auto, (max-width: 1024px) 100vw, 1024px\" \/><\/figure><div class=\"wp-block-media-text__content\">\n<p>Nachdem der Gro\u00dfteil der feststehenden Objekte im Raum modelliert war, haben wir die Modelle final im Shot ausgerichtet.<br>Auch wenn in der Szene noch alle Details fehlten, konnten unsere 2D-Animatorinnen auf dieser Grundlage beginnen, Ophelia zu animieren. Diese Version diente als erste Skizze f\u00fcr die Animation.<\/p>\n<\/div><\/div>\n\n\n\n<div class=\"wp-block-media-text alignwide has-media-on-the-right is-stacked-on-mobile\"><div class=\"wp-block-media-text__content\">\n<p>Um einen ersten Eindruck von der Stimmung zu bekommen, wurde die Skizze mit einer einfachen Beleuchtung getestet.<\/p>\n<\/div><figure class=\"wp-block-media-text__media\"><img loading=\"lazy\" decoding=\"async\" width=\"1024\" height=\"576\" src=\"https:\/\/muk.kanzinger.fr\/wp-content\/uploads\/2025\/01\/Screenshot_2-1024x576.png\" alt=\"\" class=\"wp-image-24 size-full\" srcset=\"https:\/\/muk.kanzinger.fr\/wp-content\/uploads\/2025\/01\/Screenshot_2-1024x576.png 1024w, https:\/\/muk.kanzinger.fr\/wp-content\/uploads\/2025\/01\/Screenshot_2-300x169.png 300w, https:\/\/muk.kanzinger.fr\/wp-content\/uploads\/2025\/01\/Screenshot_2-768x432.png 768w, https:\/\/muk.kanzinger.fr\/wp-content\/uploads\/2025\/01\/Screenshot_2-1536x864.png 1536w, https:\/\/muk.kanzinger.fr\/wp-content\/uploads\/2025\/01\/Screenshot_2.png 1702w\" sizes=\"auto, (max-width: 1024px) 100vw, 1024px\" \/><\/figure><\/div>\n\n\n\n<div class=\"wp-block-media-text alignwide is-stacked-on-mobile\"><figure class=\"wp-block-media-text__media\"><img loading=\"lazy\" decoding=\"async\" width=\"1024\" height=\"576\" src=\"https:\/\/muk.kanzinger.fr\/wp-content\/uploads\/2025\/01\/BG_6-1024x576.png\" alt=\"\" class=\"wp-image-25 size-full\" srcset=\"https:\/\/muk.kanzinger.fr\/wp-content\/uploads\/2025\/01\/BG_6-1024x576.png 1024w, https:\/\/muk.kanzinger.fr\/wp-content\/uploads\/2025\/01\/BG_6-300x169.png 300w, https:\/\/muk.kanzinger.fr\/wp-content\/uploads\/2025\/01\/BG_6-768x432.png 768w, https:\/\/muk.kanzinger.fr\/wp-content\/uploads\/2025\/01\/BG_6-1536x864.png 1536w, https:\/\/muk.kanzinger.fr\/wp-content\/uploads\/2025\/01\/BG_6.png 1920w\" sizes=\"auto, (max-width: 1024px) 100vw, 1024px\" \/><\/figure><div class=\"wp-block-media-text__content\">\n<p>W\u00e4hrend die Modelle noch fertiggestellt wurden, haben wir parallel bereits die fertigen Assets an ihre vorgesehenen Positionen gesetzt und die vorherigen Platzhalter ersetzt.<\/p>\n<\/div><\/div>\n\n\n\n<div class=\"wp-block-media-text alignwide has-media-on-the-right is-stacked-on-mobile\"><div class=\"wp-block-media-text__content\">\n<p>Zusammen mit der Animation und einer Farbkorrektur entstand so ein fertiger Shot, der schlie\u00dflich Teil unseres Films wurde.<\/p>\n<\/div><figure class=\"wp-block-media-text__media\"><img loading=\"lazy\" decoding=\"async\" width=\"1024\" height=\"576\" src=\"https:\/\/muk.kanzinger.fr\/wp-content\/uploads\/2025\/01\/1-1024x576.png\" alt=\"\" class=\"wp-image-26 size-full\" srcset=\"https:\/\/muk.kanzinger.fr\/wp-content\/uploads\/2025\/01\/1-1024x576.png 1024w, https:\/\/muk.kanzinger.fr\/wp-content\/uploads\/2025\/01\/1-300x169.png 300w, https:\/\/muk.kanzinger.fr\/wp-content\/uploads\/2025\/01\/1-768x432.png 768w, https:\/\/muk.kanzinger.fr\/wp-content\/uploads\/2025\/01\/1-1536x864.png 1536w, https:\/\/muk.kanzinger.fr\/wp-content\/uploads\/2025\/01\/1.png 1920w\" sizes=\"auto, (max-width: 1024px) 100vw, 1024px\" \/><\/figure><\/div>\n","protected":false},"excerpt":{"rendered":"<p>Bei Samyazah&#8217;s Stone habe ich 3D-Modelle als Hintergrund-Assets erstellt. Dazu recherchierte ich verschiedenste Objekte und gestaltete sie digital in einem Stil, der zu unserem Film passt. Die Assets wurden so konzipiert, dass ihre Grundstruktur vielseitig im fertigen Hintergrund einsetzbar ist. Um Renderzeit zu sparen, haben wir unsere Modelle zun\u00e4chst ohne Details erstellt.Anschlie\u00dfend wurden in einer [&hellip;]<\/p>\n","protected":false},"author":1,"featured_media":0,"parent":0,"menu_order":0,"comment_status":"closed","ping_status":"closed","template":"","meta":{"footnotes":""},"class_list":["post-7","page","type-page","status-publish","hentry"],"_links":{"self":[{"href":"https:\/\/muk.kanzinger.fr\/index.php?rest_route=\/wp\/v2\/pages\/7","targetHints":{"allow":["GET"]}}],"collection":[{"href":"https:\/\/muk.kanzinger.fr\/index.php?rest_route=\/wp\/v2\/pages"}],"about":[{"href":"https:\/\/muk.kanzinger.fr\/index.php?rest_route=\/wp\/v2\/types\/page"}],"author":[{"embeddable":true,"href":"https:\/\/muk.kanzinger.fr\/index.php?rest_route=\/wp\/v2\/users\/1"}],"replies":[{"embeddable":true,"href":"https:\/\/muk.kanzinger.fr\/index.php?rest_route=%2Fwp%2Fv2%2Fcomments&post=7"}],"version-history":[{"count":11,"href":"https:\/\/muk.kanzinger.fr\/index.php?rest_route=\/wp\/v2\/pages\/7\/revisions"}],"predecessor-version":[{"id":33,"href":"https:\/\/muk.kanzinger.fr\/index.php?rest_route=\/wp\/v2\/pages\/7\/revisions\/33"}],"wp:attachment":[{"href":"https:\/\/muk.kanzinger.fr\/index.php?rest_route=%2Fwp%2Fv2%2Fmedia&parent=7"}],"curies":[{"name":"wp","href":"https:\/\/api.w.org\/{rel}","templated":true}]}}